{"id":1403,"date":"2021-06-02T21:19:41","date_gmt":"2021-06-02T19:19:41","guid":{"rendered":"https:\/\/blockchain.ip-bee.de\/%e9%aa%8c%e8%af%81%e7%bb%93%e6%9e%9c\/"},"modified":"2025-05-06T13:59:53","modified_gmt":"2025-05-06T11:59:53","slug":"validation-2","status":"publish","type":"page","link":"https:\/\/blockchain.ip-bee.de\/zh-hans\/validation-2\/","title":{"rendered":"\u9a8c\u8bc1\u7ed3\u679c"},"content":{"rendered":"<div id='richtig'  class='avia-section main_color avia-section-default avia-no-border-styling  avia-bg-style-scroll  avia-builder-el-0  el_before_av_codeblock  avia-builder-el-first   av-minimum-height av-minimum-height-100  container_wrap fullsize' style='background-color: #f6f7f8;  '   data-av_minimum_height_pc='100'><div class='container' ><main  role=\"main\" itemprop=\"mainContentOfPage\"  class='template-page content  av-content-full alpha units'><div class='post-entry post-entry-type-page post-entry-1403'><div class='entry-content-wrapper clearfix'>\n<div class=\"flex_column av_one_fifth  av-animated-generic bottom-to-top  flex_column_div av-zero-column-padding first  avia-builder-el-1  el_before_av_three_fifth  avia-builder-el-first  \" style='border-radius:0px; '><\/div><div class=\"flex_column av_three_fifth  av-animated-generic top-to-bottom  flex_column_div av-zero-column-padding   avia-builder-el-2  el_after_av_one_fifth  el_before_av_one_fifth  \" style='border-radius:0px; '><p><div  class='avia-image-container avia_animated_image avia_animate_when_almost_visible top-to-bottom av-styling-no-styling    avia-builder-el-3  el_before_av_hr  avia-builder-el-first  avia-align-center '  itemprop=\"image\" itemscope=\"itemscope\" itemtype=\"https:\/\/schema.org\/ImageObject\"  ><div class='avia-image-container-inner'><div class='avia-image-overlay-wrap'><img decoding=\"async\" class='wp-image-655 avia-img-lazy-loading-not-655 avia_image' src=\"https:\/\/blockchain.ip-bee.de\/wp-content\/uploads\/2021\/01\/ipbee-icon_schild-1-180x180.png\" alt='' title='' height=\"180\" width=\"180\"  itemprop=\"thumbnailUrl\" srcset=\"https:\/\/blockchain.ip-bee.de\/wp-content\/uploads\/2021\/01\/ipbee-icon_schild-1-180x180.png 180w, https:\/\/blockchain.ip-bee.de\/wp-content\/uploads\/2021\/01\/ipbee-icon_schild-1-80x80.png 80w, https:\/\/blockchain.ip-bee.de\/wp-content\/uploads\/2021\/01\/ipbee-icon_schild-1-36x36.png 36w\" sizes=\"(max-width: 180px) 100vw, 180px\" \/><\/div><\/div><\/div><br \/>\n<div  style='height:1px; margin-top:-60px'  class='hr hr-invisible  av-small-hide av-mini-hide  avia-builder-el-4  el_after_av_image  avia-builder-el-last '><span class='hr-inner ' ><span class='hr-inner-style'><\/span><\/span><\/div><\/p><\/div><div class=\"flex_column av_one_fifth  av-animated-generic bottom-to-top  flex_column_div av-zero-column-padding   avia-builder-el-5  el_after_av_three_fifth  el_before_av_one_fifth  \" style='border-radius:0px; '><\/div><div class=\"flex_column av_one_fifth  av-animated-generic bottom-to-top  flex_column_div av-zero-column-padding first  avia-builder-el-6  el_after_av_one_fifth  el_before_av_three_fifth  column-top-margin\" style='border-radius:0px; '><\/div><div class=\"flex_column av_three_fifth  av-animated-generic bottom-to-top  flex_column_div av-zero-column-padding   avia-builder-el-7  el_after_av_one_fifth  el_before_av_one_fifth  column-top-margin\" style='border-radius:0px; '><p><div  style='padding-bottom:10px; ' class='av-special-heading av-special-heading-h2  blockquote modern-quote modern-centered  avia-builder-el-8  el_before_av_hr  avia-builder-el-first  '><h2 class='av-special-heading-tag '  itemprop=\"headline\"  >\u9a8c\u8bc1<\/h2><div class='special-heading-border'><div class='special-heading-inner-border' ><\/div><\/div><\/div><br \/>\n<div  style='height:1px; margin-top:-25px'  class='hr hr-invisible  av-mini-hide  avia-builder-el-9  el_after_av_heading  el_before_av_codeblock '><span class='hr-inner ' ><span class='hr-inner-style'><\/span><\/span><\/div><br \/>\n<\/p><\/div><div class=\"flex_column av_one_fifth  av-animated-generic bottom-to-top  flex_column_div av-zero-column-padding   avia-builder-el-11  el_after_av_three_fifth  el_before_av_one_fifth  column-top-margin\" style='border-radius:0px; '><\/div><div class=\"flex_column av_one_fifth  flex_column_div av-zero-column-padding first  avia-builder-el-12  el_after_av_one_fifth  el_before_av_three_fifth  column-top-margin\" style='border-radius:0px; '><\/div><div class=\"flex_column av_three_fifth  flex_column_div   avia-builder-el-13  el_after_av_one_fifth  el_before_av_one_fifth  column-top-margin\" style='background: #fecb03; padding:50px; background-color:#fecb03; border-radius:0px; ' id=\"div1\" ><article  class=\"iconbox iconbox_left_content   av-small-hide av-mini-hide  avia-builder-el-14  avia-builder-el-no-sibling  av-icon-style-no-border\"  itemscope=\"itemscope\" itemtype=\"https:\/\/schema.org\/CreativeWork\" ><div class=\"iconbox_icon heading-color\" aria-hidden='true' data-av_icon='\ue81e' data-av_iconfont='entypo-fontello'  style='color:#ffffff; ' ><\/div><div class=\"iconbox_content\"><header class=\"entry-content-header\"><h3 class='iconbox_content_title div1 '  itemprop=\"headline\"   style='color:#ffffff; '>IP-Bee \u9a8c\u8bc1<\/h3><\/header><div class='iconbox_content_container  '  itemprop=\"text\"  ><p><!--<span style=\"color: #ffffff;\">IPBee best\u00e4tigt, dass dieser HASH, zugeh\u00f6riger PRIVATE KEY sowie Transaktions ID in unserer Datenbank abgelegt sind. Wir best\u00e4tigen dar\u00fcber hinaus, dass eine Blockchain-Transaktion durchgef\u00fchrt und damit ein Zeitstempel f\u00fcr die Originaldatei erzeugt wurde.<\/span>--><\/p>\n<\/div><\/div><footer class=\"entry-footer\"><\/footer><\/article><\/div><div class=\"flex_column av_one_fifth  flex_column_div av-zero-column-padding   avia-builder-el-15  el_after_av_three_fifth  el_before_av_one_full  column-top-margin\" style='border-radius:0px; '><\/div><div class=\"flex_column av_one_full  flex_column_div av-zero-column-padding first  avia-builder-el-16  el_after_av_one_fifth  avia-builder-el-last  column-top-margin\" style='border-radius:0px; '><p><div  style='height:5px' class='hr hr-invisible  av-desktop-hide av-medium-hide  avia-builder-el-17  el_before_av_heading  avia-builder-el-first '><span class='hr-inner ' ><span class='hr-inner-style'><\/span><\/span><\/div><br \/>\n<div  id=\"title2\"  style='padding-bottom:10px; ' class='av-special-heading av-special-heading-h3  blockquote modern-quote modern-centered  avia-builder-el-18  el_after_av_hr  el_before_av_toggle_container  '><h3 class='av-special-heading-tag '  itemprop=\"headline\"  >\u5b58\u50a8\u4fe1\u606f\uff1a<\/h3><div class='special-heading-border'><div class='special-heading-inner-border' ><\/div><\/div><\/div><br \/>\n<div   id=\"div2\"  class=\"togglecontainer  av-elegant-toggle toggle_close_all  hasCurrentStyle avia-builder-el-19  el_after_av_heading  el_before_av_hr \" data-currentstyle='color:#485155; border-color:#485155; background-color:#f6f7f8; '>\n<section class=\"av_toggle_section\"  itemscope=\"itemscope\" itemtype=\"https:\/\/schema.org\/CreativeWork\"  >    <div role=\"tablist\" class=\"single_toggle\" data-tags=\"{All} \"  >        <p data-fake-id=\"#toggle-id-1\" class=\"toggler activeTitle hasCustomColor av-inherit-font-color  av-inherit-border-color \"  itemprop=\"headline\"  style='background-color: #f6f7f8; color: #96c11f; border-color: #96c11f; '  role=\"tab\" tabindex=\"0\" aria-controls=\"toggle-id-1\"><strong>IPBee \u670d\u52a1<\/strong> <span class=\"toggle_icon\" style='border-color:#96c11f;'>        <span class=\"vert_icon\"><\/span><span class=\"hor_icon\"><\/span><\/span><\/p>        <div id=\"toggle-id-1\" class=\"toggle_wrap active_tc\"  style='display:block;' >            <div class=\"toggle_content invers-color  av-inherit-font-color  av-inherit-border-color \"  itemprop=\"text\"  style='background-color: #f6f7f8; color: #96c11f; border-color: #96c11f; ' ><table id=\"t1\"><\/table>\n            <\/div>        <\/div>    <\/div><\/section>\n<section class=\"av_toggle_section\"  itemscope=\"itemscope\" itemtype=\"https:\/\/schema.org\/CreativeWork\"  >    <div role=\"tablist\" class=\"single_toggle\" data-tags=\"{All} \"  >        <p data-fake-id=\"#toggle-id-2\" class=\"toggler  hasCustomColor av-inherit-font-color  av-inherit-border-color \"  itemprop=\"headline\"  style='background-color: #f6f7f8; color: #96c11f; border-color: #96c11f; '  role=\"tab\" tabindex=\"0\" aria-controls=\"toggle-id-2\"><strong> IPBee ETHEREUM \u670d\u52a1\u5668<\/strong> <span class=\"toggle_icon\" style='border-color:#96c11f;'>        <span class=\"vert_icon\"><\/span><span class=\"hor_icon\"><\/span><\/span><\/p>        <div id=\"toggle-id-2\" class=\"toggle_wrap \"   >            <div class=\"toggle_content invers-color  av-inherit-font-color  av-inherit-border-color \"  itemprop=\"text\"  style='background-color: #f6f7f8; color: #96c11f; border-color: #96c11f; ' ><table id=\"t2\"><\/table>\n            <\/div>        <\/div>    <\/div><\/section>\n<section class=\"av_toggle_section\"  itemscope=\"itemscope\" itemtype=\"https:\/\/schema.org\/CreativeWork\"  >    <div role=\"tablist\" class=\"single_toggle\" data-tags=\"{All} \"  >        <p data-fake-id=\"#toggle-id-3\" class=\"toggler  hasCustomColor av-inherit-font-color  av-inherit-border-color \"  itemprop=\"headline\"  style='background-color: #f6f7f8; color: #96c11f; border-color: #96c11f; '  role=\"tab\" tabindex=\"0\" aria-controls=\"toggle-id-3\"><strong> IPBee BITCOIN \u670d\u52a1\u5668<\/strong> <span class=\"toggle_icon\" style='border-color:#96c11f;'>        <span class=\"vert_icon\"><\/span><span class=\"hor_icon\"><\/span><\/span><\/p>        <div id=\"toggle-id-3\" class=\"toggle_wrap \"   >            <div class=\"toggle_content invers-color  av-inherit-font-color  av-inherit-border-color \"  itemprop=\"text\"  style='background-color: #f6f7f8; color: #96c11f; border-color: #96c11f; ' ><table id=\"t3\"><\/table>\n            <\/div>        <\/div>    <\/div><\/section>\n<\/div><br \/>\n<div  style='height:10px' class='hr hr-invisible   avia-builder-el-20  el_after_av_toggle_container  el_before_av_buttonrow '><span class='hr-inner ' ><span class='hr-inner-style'><\/span><\/span><\/div><br \/>\n<div  class='avia-buttonrow-wrap avia-buttonrow-center   avia-builder-el-21  el_after_av_hr  avia-builder-el-last '>\n<a href='https:\/\/blockchain.ip-bee.de\/ueberpruefung\/'  class='avia-button av-icon-on-hover avia-icon_select-yes-left-icon avia-size-large '  style='background-color:#dadfe1; border-color:#dadfe1; color:#485155; margin-bottom:10px; margin-left:5px; margin-right:5px; ' ><span class='avia_button_icon avia_button_icon_left ' aria-hidden='true' data-av_icon='\ue832' data-av_iconfont='entypo-fontello'><\/span><span class='avia_iconbox_title' >\u65b0\u9a8c\u8bc1<\/span><\/a>\n<\/div><\/p><\/div><\/div><\/div><\/main><!-- close content main element --><\/div><\/div><div id='after_section_1'  class='main_color av_default_container_wrap container_wrap fullsize' style=' '  ><div class='container' ><div class='template-page content  av-content-full alpha units'><div class='post-entry post-entry-type-page post-entry-1403'><div class='entry-content-wrapper clearfix'><\/p>\n","protected":false},"excerpt":{"rendered":"","protected":false},"author":1,"featured_media":0,"parent":0,"menu_order":0,"comment_status":"closed","ping_status":"closed","template":"","meta":{"footnotes":""},"class_list":["post-1403","page","type-page","status-publish","hentry"],"yoast_head":"<!-- This site is optimized with the Yoast SEO plugin v27.6 - https:\/\/yoast.com\/product\/yoast-seo-wordpress\/ -->\n<title>\u9a8c\u8bc1\u7ed3\u679c - F\u00e4lschungssichere Zeugnisse.<\/title>\n<meta name=\"robots\" content=\"index, follow, max-snippet:-1, max-image-preview:large, max-video-preview:-1\" \/>\n<link rel=\"canonical\" href=\"https:\/\/blockchain.ip-bee.de\/zh-hans\/validation-2\/\" \/>\n<meta property=\"og:locale\" content=\"zh_CN\" \/>\n<meta property=\"og:type\" content=\"article\" \/>\n<meta property=\"og:title\" content=\"\u9a8c\u8bc1\u7ed3\u679c - F\u00e4lschungssichere Zeugnisse.\" \/>\n<meta property=\"og:url\" content=\"https:\/\/blockchain.ip-bee.de\/zh-hans\/validation-2\/\" \/>\n<meta property=\"og:site_name\" content=\"F\u00e4lschungssichere Zeugnisse.\" \/>\n<meta property=\"article:publisher\" content=\"https:\/\/www.facebook.com\/IPBeee\/\" \/>\n<meta property=\"article:modified_time\" content=\"2025-05-06T11:59:53+00:00\" \/>\n<meta property=\"og:image\" content=\"https:\/\/blockchain.ip-bee.de\/wp-content\/uploads\/2021\/01\/ipbee-gmbh-logo.png\" \/>\n\t<meta property=\"og:image:width\" content=\"340\" \/>\n\t<meta property=\"og:image:height\" content=\"156\" \/>\n\t<meta property=\"og:image:type\" content=\"image\/png\" \/>\n<meta name=\"twitter:card\" content=\"summary_large_image\" \/>\n<meta name=\"twitter:label1\" content=\"\u9884\u8ba1\u9605\u8bfb\u65f6\u95f4\" \/>\n\t<meta name=\"twitter:data1\" content=\"4 \u5206\" \/>\n<script type=\"application\/ld+json\" class=\"yoast-schema-graph\">{\"@context\":\"https:\\\/\\\/schema.org\",\"@graph\":[{\"@type\":\"WebPage\",\"@id\":\"https:\\\/\\\/blockchain.ip-bee.de\\\/zh-hans\\\/validation-2\\\/\",\"url\":\"https:\\\/\\\/blockchain.ip-bee.de\\\/zh-hans\\\/validation-2\\\/\",\"name\":\"\u9a8c\u8bc1\u7ed3\u679c - F\u00e4lschungssichere Zeugnisse.\",\"isPartOf\":{\"@id\":\"https:\\\/\\\/blockchain.ip-bee.de\\\/zh-hans\\\/#website\"},\"datePublished\":\"2021-06-02T19:19:41+00:00\",\"dateModified\":\"2025-05-06T11:59:53+00:00\",\"breadcrumb\":{\"@id\":\"https:\\\/\\\/blockchain.ip-bee.de\\\/zh-hans\\\/validation-2\\\/#breadcrumb\"},\"inLanguage\":\"zh-Hans\",\"potentialAction\":[{\"@type\":\"ReadAction\",\"target\":[\"https:\\\/\\\/blockchain.ip-bee.de\\\/zh-hans\\\/validation-2\\\/\"]}]},{\"@type\":\"BreadcrumbList\",\"@id\":\"https:\\\/\\\/blockchain.ip-bee.de\\\/zh-hans\\\/validation-2\\\/#breadcrumb\",\"itemListElement\":[{\"@type\":\"ListItem\",\"position\":1,\"name\":\"Startseite\",\"item\":\"https:\\\/\\\/blockchain.ip-bee.de\\\/zh-hans\\\/\"},{\"@type\":\"ListItem\",\"position\":2,\"name\":\"\u9a8c\u8bc1\u7ed3\u679c\"}]},{\"@type\":\"WebSite\",\"@id\":\"https:\\\/\\\/blockchain.ip-bee.de\\\/zh-hans\\\/#website\",\"url\":\"https:\\\/\\\/blockchain.ip-bee.de\\\/zh-hans\\\/\",\"name\":\"Digitale Zeugnisse\",\"description\":\"Wir machen Ihre Zeugnisse f\u00e4lschungssicher durch Blockchain-Technologie und mit Echtheitszertifikat.\",\"publisher\":{\"@id\":\"https:\\\/\\\/blockchain.ip-bee.de\\\/zh-hans\\\/#organization\"},\"potentialAction\":[{\"@type\":\"SearchAction\",\"target\":{\"@type\":\"EntryPoint\",\"urlTemplate\":\"https:\\\/\\\/blockchain.ip-bee.de\\\/zh-hans\\\/?s={search_term_string}\"},\"query-input\":{\"@type\":\"PropertyValueSpecification\",\"valueRequired\":true,\"valueName\":\"search_term_string\"}}],\"inLanguage\":\"zh-Hans\"},{\"@type\":\"Organization\",\"@id\":\"https:\\\/\\\/blockchain.ip-bee.de\\\/zh-hans\\\/#organization\",\"name\":\"IPBee GmbH\",\"url\":\"https:\\\/\\\/blockchain.ip-bee.de\\\/zh-hans\\\/\",\"logo\":{\"@type\":\"ImageObject\",\"inLanguage\":\"zh-Hans\",\"@id\":\"https:\\\/\\\/blockchain.ip-bee.de\\\/zh-hans\\\/#\\\/schema\\\/logo\\\/image\\\/\",\"url\":\"https:\\\/\\\/blockchain.ip-bee.de\\\/wp-content\\\/uploads\\\/2021\\\/01\\\/ipbee-gmbh-logo.png\",\"contentUrl\":\"https:\\\/\\\/blockchain.ip-bee.de\\\/wp-content\\\/uploads\\\/2021\\\/01\\\/ipbee-gmbh-logo.png\",\"width\":340,\"height\":156,\"caption\":\"IPBee GmbH\"},\"image\":{\"@id\":\"https:\\\/\\\/blockchain.ip-bee.de\\\/zh-hans\\\/#\\\/schema\\\/logo\\\/image\\\/\"},\"sameAs\":[\"https:\\\/\\\/www.facebook.com\\\/IPBeee\\\/\",\"https:\\\/\\\/www.linkedin.com\\\/company\\\/blockchain-ipbee\\\/\",\"https:\\\/\\\/www.instagram.com\\\/ipbee.de\\\/\",\"https:\\\/\\\/www.xing.com\\\/pages\\\/ipbeegmbh\",\"https:\\\/\\\/www.youtube.com\\\/@ipbee4future\"]}]}<\/script>\n<!-- \/ Yoast SEO plugin. -->","yoast_head_json":{"title":"\u9a8c\u8bc1\u7ed3\u679c - F\u00e4lschungssichere Zeugnisse.","robots":{"index":"index","follow":"follow","max-snippet":"max-snippet:-1","max-image-preview":"max-image-preview:large","max-video-preview":"max-video-preview:-1"},"canonical":"https:\/\/blockchain.ip-bee.de\/zh-hans\/validation-2\/","og_locale":"zh_CN","og_type":"article","og_title":"\u9a8c\u8bc1\u7ed3\u679c - F\u00e4lschungssichere Zeugnisse.","og_url":"https:\/\/blockchain.ip-bee.de\/zh-hans\/validation-2\/","og_site_name":"F\u00e4lschungssichere Zeugnisse.","article_publisher":"https:\/\/www.facebook.com\/IPBeee\/","article_modified_time":"2025-05-06T11:59:53+00:00","og_image":[{"width":340,"height":156,"url":"https:\/\/blockchain.ip-bee.de\/wp-content\/uploads\/2021\/01\/ipbee-gmbh-logo.png","type":"image\/png"}],"twitter_card":"summary_large_image","twitter_misc":{"\u9884\u8ba1\u9605\u8bfb\u65f6\u95f4":"4 \u5206"},"schema":{"@context":"https:\/\/schema.org","@graph":[{"@type":"WebPage","@id":"https:\/\/blockchain.ip-bee.de\/zh-hans\/validation-2\/","url":"https:\/\/blockchain.ip-bee.de\/zh-hans\/validation-2\/","name":"\u9a8c\u8bc1\u7ed3\u679c - F\u00e4lschungssichere Zeugnisse.","isPartOf":{"@id":"https:\/\/blockchain.ip-bee.de\/zh-hans\/#website"},"datePublished":"2021-06-02T19:19:41+00:00","dateModified":"2025-05-06T11:59:53+00:00","breadcrumb":{"@id":"https:\/\/blockchain.ip-bee.de\/zh-hans\/validation-2\/#breadcrumb"},"inLanguage":"zh-Hans","potentialAction":[{"@type":"ReadAction","target":["https:\/\/blockchain.ip-bee.de\/zh-hans\/validation-2\/"]}]},{"@type":"BreadcrumbList","@id":"https:\/\/blockchain.ip-bee.de\/zh-hans\/validation-2\/#breadcrumb","itemListElement":[{"@type":"ListItem","position":1,"name":"Startseite","item":"https:\/\/blockchain.ip-bee.de\/zh-hans\/"},{"@type":"ListItem","position":2,"name":"\u9a8c\u8bc1\u7ed3\u679c"}]},{"@type":"WebSite","@id":"https:\/\/blockchain.ip-bee.de\/zh-hans\/#website","url":"https:\/\/blockchain.ip-bee.de\/zh-hans\/","name":"Digitale Zeugnisse","description":"Wir machen Ihre Zeugnisse f\u00e4lschungssicher durch Blockchain-Technologie und mit Echtheitszertifikat.","publisher":{"@id":"https:\/\/blockchain.ip-bee.de\/zh-hans\/#organization"},"potentialAction":[{"@type":"SearchAction","target":{"@type":"EntryPoint","urlTemplate":"https:\/\/blockchain.ip-bee.de\/zh-hans\/?s={search_term_string}"},"query-input":{"@type":"PropertyValueSpecification","valueRequired":true,"valueName":"search_term_string"}}],"inLanguage":"zh-Hans"},{"@type":"Organization","@id":"https:\/\/blockchain.ip-bee.de\/zh-hans\/#organization","name":"IPBee GmbH","url":"https:\/\/blockchain.ip-bee.de\/zh-hans\/","logo":{"@type":"ImageObject","inLanguage":"zh-Hans","@id":"https:\/\/blockchain.ip-bee.de\/zh-hans\/#\/schema\/logo\/image\/","url":"https:\/\/blockchain.ip-bee.de\/wp-content\/uploads\/2021\/01\/ipbee-gmbh-logo.png","contentUrl":"https:\/\/blockchain.ip-bee.de\/wp-content\/uploads\/2021\/01\/ipbee-gmbh-logo.png","width":340,"height":156,"caption":"IPBee GmbH"},"image":{"@id":"https:\/\/blockchain.ip-bee.de\/zh-hans\/#\/schema\/logo\/image\/"},"sameAs":["https:\/\/www.facebook.com\/IPBeee\/","https:\/\/www.linkedin.com\/company\/blockchain-ipbee\/","https:\/\/www.instagram.com\/ipbee.de\/","https:\/\/www.xing.com\/pages\/ipbeegmbh","https:\/\/www.youtube.com\/@ipbee4future"]}]}},"_links":{"self":[{"href":"https:\/\/blockchain.ip-bee.de\/zh-hans\/wp-json\/wp\/v2\/pages\/1403","targetHints":{"allow":["GET"]}}],"collection":[{"href":"https:\/\/blockchain.ip-bee.de\/zh-hans\/wp-json\/wp\/v2\/pages"}],"about":[{"href":"https:\/\/blockchain.ip-bee.de\/zh-hans\/wp-json\/wp\/v2\/types\/page"}],"author":[{"embeddable":true,"href":"https:\/\/blockchain.ip-bee.de\/zh-hans\/wp-json\/wp\/v2\/users\/1"}],"replies":[{"embeddable":true,"href":"https:\/\/blockchain.ip-bee.de\/zh-hans\/wp-json\/wp\/v2\/comments?post=1403"}],"version-history":[{"count":5,"href":"https:\/\/blockchain.ip-bee.de\/zh-hans\/wp-json\/wp\/v2\/pages\/1403\/revisions"}],"predecessor-version":[{"id":2947,"href":"https:\/\/blockchain.ip-bee.de\/zh-hans\/wp-json\/wp\/v2\/pages\/1403\/revisions\/2947"}],"wp:attachment":[{"href":"https:\/\/blockchain.ip-bee.de\/zh-hans\/wp-json\/wp\/v2\/media?parent=1403"}],"curies":[{"name":"wp","href":"https:\/\/api.w.org\/{rel}","templated":true}]}}